{"id":15291,"date":"2023-10-26T11:36:18","date_gmt":"2023-10-26T09:36:18","guid":{"rendered":"https:\/\/fabriano.com\/tutoriales\/magic-collection-tutorial\/"},"modified":"2023-11-06T10:12:44","modified_gmt":"2023-11-06T09:12:44","slug":"tutoriales-magic-collection","status":"publish","type":"page","link":"https:\/\/fabriano.com\/es\/tutoriales\/tutoriales-magic-collection\/","title":{"rendered":"Tutoriales Magic Collection"},"content":{"rendered":"<p>\u201cNature\u201d, con tonos c\u00e1lidos, inspirada en la vida en el bosque, \u201cAnimals\u201d, con colores vivos, inspirada en animales fant\u00e1sticos, \u201cSpace\u201d, con tonos luminosos y c\u00e1lidos: 3 colecciones para contar la historia de la gama Magic Collection, papeles creativos de colores para ni\u00f1os y adolescentes que quieran desarrollar sus habilidades pr\u00e1cticas y art\u00edsticas mientras se divierten. Mira los videos tutoriales, encontrar\u00e1s ideas para crear juegos, decoraciones, regalos. \u00a1Divi\u00e9rtete mucho!<\/p>\n","protected":false},"excerpt":{"rendered":"<p>\u201cNature\u201d, con tonos c\u00e1lidos, inspirada en la vida en el bosque, \u201cAnimals\u201d, con colores vivos, inspirada en animales fant\u00e1sticos, \u201cSpace\u201d, con tonos luminosos y c\u00e1lidos: 3 colecciones para contar la historia de la gama Magic Collection, papeles creativos de colores para ni\u00f1os y adolescentes que quieran desarrollar sus habilidades pr\u00e1cticas y art\u00edsticas mientras se divierten&#8230;.<\/p>\n","protected":false},"author":19,"featured_media":0,"parent":8311,"menu_order":0,"comment_status":"closed","ping_status":"closed","template":"page-tutorial-category.php","meta":{"_acf_changed":false,"footnotes":""},"class_list":["post-15291","page","type-page","status-publish","hentry"],"acf":[],"yoast_head":"<!-- This site is optimized with the Yoast SEO plugin v27.3 - https:\/\/yoast.com\/product\/yoast-seo-wordpress\/ -->\n<title>Tutoriales Magic Collection | Fabriano<\/title>\n<meta name=\"robots\" content=\"index, follow, max-snippet:-1, max-image-preview:large, max-video-preview:-1\" \/>\n<link rel=\"canonical\" href=\"https:\/\/fabriano.com\/es\/tutoriales\/tutoriales-magic-collection\/\" \/>\n<meta property=\"og:locale\" content=\"es_ES\" \/>\n<meta property=\"og:type\" content=\"article\" \/>\n<meta property=\"og:title\" content=\"Tutoriales Magic Collection | Fabriano\" \/>\n<meta property=\"og:description\" content=\"\u201cNature\u201d, con tonos c\u00e1lidos, inspirada en la vida en el bosque, \u201cAnimals\u201d, con colores vivos, inspirada en animales fant\u00e1sticos, \u201cSpace\u201d, con tonos luminosos y c\u00e1lidos: 3 colecciones para contar la historia de la gama Magic Collection, papeles creativos de colores para ni\u00f1os y adolescentes que quieran desarrollar sus habilidades pr\u00e1cticas y art\u00edsticas mientras se divierten....\" \/>\n<meta property=\"og:url\" content=\"https:\/\/fabriano.com\/es\/tutoriales\/tutoriales-magic-collection\/\" \/>\n<meta property=\"og:site_name\" content=\"Fabriano\" \/>\n<meta property=\"article:publisher\" content=\"https:\/\/www.facebook.com\/cartafabriano\/\" \/>\n<meta property=\"article:modified_time\" content=\"2023-11-06T09:12:44+00:00\" \/>\n<meta property=\"og:image\" content=\"https:\/\/fabriano.com\/wp-content\/uploads\/2022\/10\/fabriano-cover-desk.jpg\" \/>\n\t<meta property=\"og:image:width\" content=\"1920\" \/>\n\t<meta property=\"og:image:height\" content=\"770\" \/>\n\t<meta property=\"og:image:type\" content=\"image\/jpeg\" \/>\n<meta name=\"twitter:card\" content=\"summary_large_image\" \/>\n<meta name=\"twitter:label1\" content=\"Tiempo de lectura\" \/>\n\t<meta name=\"twitter:data1\" content=\"1 minuto\" \/>\n<script type=\"application\/ld+json\" class=\"yoast-schema-graph\">{\"@context\":\"https:\\\/\\\/schema.org\",\"@graph\":[{\"@type\":\"Article\",\"@id\":\"https:\\\/\\\/fabriano.com\\\/es\\\/tutoriales\\\/tutoriales-magic-collection\\\/#article\",\"isPartOf\":{\"@id\":\"https:\\\/\\\/fabriano.com\\\/es\\\/tutoriales\\\/tutoriales-magic-collection\\\/\"},\"author\":{\"name\":\"Francesca MMH\",\"@id\":\"https:\\\/\\\/fabriano.com\\\/es\\\/#\\\/schema\\\/person\\\/f038c0b9583337513c9f5b1176c9ab4e\"},\"headline\":\"Tutoriales Magic Collection\",\"datePublished\":\"2023-10-26T09:36:18+00:00\",\"dateModified\":\"2023-11-06T09:12:44+00:00\",\"mainEntityOfPage\":{\"@id\":\"https:\\\/\\\/fabriano.com\\\/es\\\/tutoriales\\\/tutoriales-magic-collection\\\/\"},\"wordCount\":78,\"publisher\":{\"@id\":\"https:\\\/\\\/fabriano.com\\\/es\\\/#organization\"},\"inLanguage\":\"es\"},{\"@type\":[\"WebPage\",\"ItemPage\"],\"@id\":\"https:\\\/\\\/fabriano.com\\\/es\\\/tutoriales\\\/tutoriales-magic-collection\\\/\",\"url\":\"https:\\\/\\\/fabriano.com\\\/es\\\/tutoriales\\\/tutoriales-magic-collection\\\/\",\"name\":\"Tutoriales Magic Collection | Fabriano\",\"isPartOf\":{\"@id\":\"https:\\\/\\\/fabriano.com\\\/es\\\/#website\"},\"datePublished\":\"2023-10-26T09:36:18+00:00\",\"dateModified\":\"2023-11-06T09:12:44+00:00\",\"breadcrumb\":{\"@id\":\"https:\\\/\\\/fabriano.com\\\/es\\\/tutoriales\\\/tutoriales-magic-collection\\\/#breadcrumb\"},\"inLanguage\":\"es\",\"potentialAction\":[{\"@type\":\"ReadAction\",\"target\":[\"https:\\\/\\\/fabriano.com\\\/es\\\/tutoriales\\\/tutoriales-magic-collection\\\/\"]}]},{\"@type\":\"BreadcrumbList\",\"@id\":\"https:\\\/\\\/fabriano.com\\\/es\\\/tutoriales\\\/tutoriales-magic-collection\\\/#breadcrumb\",\"itemListElement\":[{\"@type\":\"ListItem\",\"position\":1,\"name\":\"Home\",\"item\":\"https:\\\/\\\/fabriano.com\\\/es\\\/\"},{\"@type\":\"ListItem\",\"position\":2,\"name\":\"Video tutorial\",\"item\":\"https:\\\/\\\/fabriano.com\\\/es\\\/tutoriales\\\/\"},{\"@type\":\"ListItem\",\"position\":3,\"name\":\"Tutoriales Magic Collection\"}]},{\"@type\":\"WebSite\",\"@id\":\"https:\\\/\\\/fabriano.com\\\/es\\\/#website\",\"url\":\"https:\\\/\\\/fabriano.com\\\/es\\\/\",\"name\":\"Fabriano\",\"description\":\"La bella carta dal 1264.\",\"publisher\":{\"@id\":\"https:\\\/\\\/fabriano.com\\\/es\\\/#organization\"},\"potentialAction\":[{\"@type\":\"SearchAction\",\"target\":{\"@type\":\"EntryPoint\",\"urlTemplate\":\"https:\\\/\\\/fabriano.com\\\/es\\\/?s={search_term_string}\"},\"query-input\":{\"@type\":\"PropertyValueSpecification\",\"valueRequired\":true,\"valueName\":\"search_term_string\"}}],\"inLanguage\":\"es\"},{\"@type\":\"Organization\",\"@id\":\"https:\\\/\\\/fabriano.com\\\/es\\\/#organization\",\"name\":\"Fabriano\",\"url\":\"https:\\\/\\\/fabriano.com\\\/es\\\/\",\"logo\":{\"@type\":\"ImageObject\",\"inLanguage\":\"es\",\"@id\":\"https:\\\/\\\/fabriano.com\\\/es\\\/#\\\/schema\\\/logo\\\/image\\\/\",\"url\":\"https:\\\/\\\/fabriano.com\\\/wp-content\\\/uploads\\\/2022\\\/06\\\/fabriano-logo-black.svg\",\"contentUrl\":\"https:\\\/\\\/fabriano.com\\\/wp-content\\\/uploads\\\/2022\\\/06\\\/fabriano-logo-black.svg\",\"width\":250,\"height\":35,\"caption\":\"Fabriano\"},\"image\":{\"@id\":\"https:\\\/\\\/fabriano.com\\\/es\\\/#\\\/schema\\\/logo\\\/image\\\/\"},\"sameAs\":[\"https:\\\/\\\/www.facebook.com\\\/cartafabriano\\\/\",\"https:\\\/\\\/www.instagram.com\\\/fabriano1264\\\/\",\"https:\\\/\\\/www.youtube.com\\\/user\\\/CartiereMiliani\"]},{\"@type\":\"Person\",\"@id\":\"https:\\\/\\\/fabriano.com\\\/es\\\/#\\\/schema\\\/person\\\/f038c0b9583337513c9f5b1176c9ab4e\",\"name\":\"Francesca MMH\"}]}<\/script>\n<!-- \/ Yoast SEO plugin. -->","yoast_head_json":{"title":"Tutoriales Magic Collection | Fabriano","robots":{"index":"index","follow":"follow","max-snippet":"max-snippet:-1","max-image-preview":"max-image-preview:large","max-video-preview":"max-video-preview:-1"},"canonical":"https:\/\/fabriano.com\/es\/tutoriales\/tutoriales-magic-collection\/","og_locale":"es_ES","og_type":"article","og_title":"Tutoriales Magic Collection | Fabriano","og_description":"\u201cNature\u201d, con tonos c\u00e1lidos, inspirada en la vida en el bosque, \u201cAnimals\u201d, con colores vivos, inspirada en animales fant\u00e1sticos, \u201cSpace\u201d, con tonos luminosos y c\u00e1lidos: 3 colecciones para contar la historia de la gama Magic Collection, papeles creativos de colores para ni\u00f1os y adolescentes que quieran desarrollar sus habilidades pr\u00e1cticas y art\u00edsticas mientras se divierten....","og_url":"https:\/\/fabriano.com\/es\/tutoriales\/tutoriales-magic-collection\/","og_site_name":"Fabriano","article_publisher":"https:\/\/www.facebook.com\/cartafabriano\/","article_modified_time":"2023-11-06T09:12:44+00:00","og_image":[{"width":1920,"height":770,"url":"https:\/\/fabriano.com\/wp-content\/uploads\/2022\/10\/fabriano-cover-desk.jpg","type":"image\/jpeg"}],"twitter_card":"summary_large_image","twitter_misc":{"Tiempo de lectura":"1 minuto"},"schema":{"@context":"https:\/\/schema.org","@graph":[{"@type":"Article","@id":"https:\/\/fabriano.com\/es\/tutoriales\/tutoriales-magic-collection\/#article","isPartOf":{"@id":"https:\/\/fabriano.com\/es\/tutoriales\/tutoriales-magic-collection\/"},"author":{"name":"Francesca MMH","@id":"https:\/\/fabriano.com\/es\/#\/schema\/person\/f038c0b9583337513c9f5b1176c9ab4e"},"headline":"Tutoriales Magic Collection","datePublished":"2023-10-26T09:36:18+00:00","dateModified":"2023-11-06T09:12:44+00:00","mainEntityOfPage":{"@id":"https:\/\/fabriano.com\/es\/tutoriales\/tutoriales-magic-collection\/"},"wordCount":78,"publisher":{"@id":"https:\/\/fabriano.com\/es\/#organization"},"inLanguage":"es"},{"@type":["WebPage","ItemPage"],"@id":"https:\/\/fabriano.com\/es\/tutoriales\/tutoriales-magic-collection\/","url":"https:\/\/fabriano.com\/es\/tutoriales\/tutoriales-magic-collection\/","name":"Tutoriales Magic Collection | Fabriano","isPartOf":{"@id":"https:\/\/fabriano.com\/es\/#website"},"datePublished":"2023-10-26T09:36:18+00:00","dateModified":"2023-11-06T09:12:44+00:00","breadcrumb":{"@id":"https:\/\/fabriano.com\/es\/tutoriales\/tutoriales-magic-collection\/#breadcrumb"},"inLanguage":"es","potentialAction":[{"@type":"ReadAction","target":["https:\/\/fabriano.com\/es\/tutoriales\/tutoriales-magic-collection\/"]}]},{"@type":"BreadcrumbList","@id":"https:\/\/fabriano.com\/es\/tutoriales\/tutoriales-magic-collection\/#breadcrumb","itemListElement":[{"@type":"ListItem","position":1,"name":"Home","item":"https:\/\/fabriano.com\/es\/"},{"@type":"ListItem","position":2,"name":"Video tutorial","item":"https:\/\/fabriano.com\/es\/tutoriales\/"},{"@type":"ListItem","position":3,"name":"Tutoriales Magic Collection"}]},{"@type":"WebSite","@id":"https:\/\/fabriano.com\/es\/#website","url":"https:\/\/fabriano.com\/es\/","name":"Fabriano","description":"La bella carta dal 1264.","publisher":{"@id":"https:\/\/fabriano.com\/es\/#organization"},"potentialAction":[{"@type":"SearchAction","target":{"@type":"EntryPoint","urlTemplate":"https:\/\/fabriano.com\/es\/?s={search_term_string}"},"query-input":{"@type":"PropertyValueSpecification","valueRequired":true,"valueName":"search_term_string"}}],"inLanguage":"es"},{"@type":"Organization","@id":"https:\/\/fabriano.com\/es\/#organization","name":"Fabriano","url":"https:\/\/fabriano.com\/es\/","logo":{"@type":"ImageObject","inLanguage":"es","@id":"https:\/\/fabriano.com\/es\/#\/schema\/logo\/image\/","url":"https:\/\/fabriano.com\/wp-content\/uploads\/2022\/06\/fabriano-logo-black.svg","contentUrl":"https:\/\/fabriano.com\/wp-content\/uploads\/2022\/06\/fabriano-logo-black.svg","width":250,"height":35,"caption":"Fabriano"},"image":{"@id":"https:\/\/fabriano.com\/es\/#\/schema\/logo\/image\/"},"sameAs":["https:\/\/www.facebook.com\/cartafabriano\/","https:\/\/www.instagram.com\/fabriano1264\/","https:\/\/www.youtube.com\/user\/CartiereMiliani"]},{"@type":"Person","@id":"https:\/\/fabriano.com\/es\/#\/schema\/person\/f038c0b9583337513c9f5b1176c9ab4e","name":"Francesca MMH"}]}},"_links":{"self":[{"href":"https:\/\/fabriano.com\/es\/wp-json\/wp\/v2\/pages\/15291","targetHints":{"allow":["GET"]}}],"collection":[{"href":"https:\/\/fabriano.com\/es\/wp-json\/wp\/v2\/pages"}],"about":[{"href":"https:\/\/fabriano.com\/es\/wp-json\/wp\/v2\/types\/page"}],"author":[{"embeddable":true,"href":"https:\/\/fabriano.com\/es\/wp-json\/wp\/v2\/users\/19"}],"replies":[{"embeddable":true,"href":"https:\/\/fabriano.com\/es\/wp-json\/wp\/v2\/comments?post=15291"}],"version-history":[{"count":0,"href":"https:\/\/fabriano.com\/es\/wp-json\/wp\/v2\/pages\/15291\/revisions"}],"up":[{"embeddable":true,"href":"https:\/\/fabriano.com\/es\/wp-json\/wp\/v2\/pages\/8311"}],"wp:attachment":[{"href":"https:\/\/fabriano.com\/es\/wp-json\/wp\/v2\/media?parent=15291"}],"curies":[{"name":"wp","href":"https:\/\/api.w.org\/{rel}","templated":true}]}}