{"id":13192,"date":"2023-04-05T09:56:51","date_gmt":"2023-04-05T07:56:51","guid":{"rendered":"https:\/\/fabriano.com\/area-insegnanti\/scrivere-a-mano-con-smed\/"},"modified":"2025-08-21T15:50:38","modified_gmt":"2025-08-21T13:50:38","slug":"ecrire-a-la-main-avec-smed","status":"publish","type":"page","link":"https:\/\/fabriano.com\/fr\/zone-des-enseignants\/ecrire-a-la-main-avec-smed\/","title":{"rendered":"\u00c9crire \u00e0 la main avec SMED"},"content":{"rendered":"","protected":false},"excerpt":{"rendered":"","protected":false},"author":17,"featured_media":0,"parent":13158,"menu_order":0,"comment_status":"closed","ping_status":"closed","template":"page-flexible.php","meta":{"_acf_changed":false,"footnotes":""},"class_list":["post-13192","page","type-page","status-publish","hentry"],"acf":[],"yoast_head":"<!-- This site is optimized with the Yoast SEO plugin v27.3 - https:\/\/yoast.com\/product\/yoast-seo-wordpress\/ -->\n<title>\u00c9crire \u00e0 la main avec SMED | Fabriano<\/title>\n<meta name=\"description\" content=\"\u00c9crire \u00e0 la main avec SMED : vid\u00e9os p\u00e9dagogiques pour enseigner les gestes d\u2019\u00e9criture et motifs ludiques aux \u00e9l\u00e8ves, d\u00e8s le primaire.\" \/>\n<meta name=\"robots\" content=\"index, follow, max-snippet:-1, max-image-preview:large, max-video-preview:-1\" \/>\n<link rel=\"canonical\" href=\"https:\/\/fabriano.com\/fr\/zone-des-enseignants\/ecrire-a-la-main-avec-smed\/\" \/>\n<meta property=\"og:locale\" content=\"fr_FR\" \/>\n<meta property=\"og:type\" content=\"article\" \/>\n<meta property=\"og:title\" content=\"\u00c9crire \u00e0 la main avec SMED | Fabriano\" \/>\n<meta property=\"og:description\" content=\"\u00c9crire \u00e0 la main avec SMED : vid\u00e9os p\u00e9dagogiques pour enseigner les gestes d\u2019\u00e9criture et motifs ludiques aux \u00e9l\u00e8ves, d\u00e8s le primaire.\" \/>\n<meta property=\"og:url\" content=\"https:\/\/fabriano.com\/fr\/zone-des-enseignants\/ecrire-a-la-main-avec-smed\/\" \/>\n<meta property=\"og:site_name\" content=\"Fabriano\" \/>\n<meta property=\"article:publisher\" content=\"https:\/\/www.facebook.com\/cartafabriano\/\" \/>\n<meta property=\"article:modified_time\" content=\"2025-08-21T13:50:38+00:00\" \/>\n<meta property=\"og:image\" content=\"https:\/\/fabriano.com\/wp-content\/uploads\/2022\/10\/fabriano-cover-desk.jpg\" \/>\n\t<meta property=\"og:image:width\" content=\"1920\" \/>\n\t<meta property=\"og:image:height\" content=\"770\" \/>\n\t<meta property=\"og:image:type\" content=\"image\/jpeg\" \/>\n<meta name=\"twitter:card\" content=\"summary_large_image\" \/>\n<script type=\"application\/ld+json\" class=\"yoast-schema-graph\">{\"@context\":\"https:\\\/\\\/schema.org\",\"@graph\":[{\"@type\":\"Article\",\"@id\":\"https:\\\/\\\/fabriano.com\\\/fr\\\/zone-des-enseignants\\\/ecrire-a-la-main-avec-smed\\\/#article\",\"isPartOf\":{\"@id\":\"https:\\\/\\\/fabriano.com\\\/fr\\\/zone-des-enseignants\\\/ecrire-a-la-main-avec-smed\\\/\"},\"author\":{\"name\":\"Giorgio Intermedia MMH\",\"@id\":\"https:\\\/\\\/fabriano.com\\\/fr\\\/#\\\/schema\\\/person\\\/a4e656b46bebb83d77d753e45240490a\"},\"headline\":\"\u00c9crire \u00e0 la main avec SMED\",\"datePublished\":\"2023-04-05T07:56:51+00:00\",\"dateModified\":\"2025-08-21T13:50:38+00:00\",\"mainEntityOfPage\":{\"@id\":\"https:\\\/\\\/fabriano.com\\\/fr\\\/zone-des-enseignants\\\/ecrire-a-la-main-avec-smed\\\/\"},\"wordCount\":5,\"publisher\":{\"@id\":\"https:\\\/\\\/fabriano.com\\\/fr\\\/#organization\"},\"inLanguage\":\"fr-FR\"},{\"@type\":[\"WebPage\",\"ItemPage\"],\"@id\":\"https:\\\/\\\/fabriano.com\\\/fr\\\/zone-des-enseignants\\\/ecrire-a-la-main-avec-smed\\\/\",\"url\":\"https:\\\/\\\/fabriano.com\\\/fr\\\/zone-des-enseignants\\\/ecrire-a-la-main-avec-smed\\\/\",\"name\":\"\u00c9crire \u00e0 la main avec SMED | Fabriano\",\"isPartOf\":{\"@id\":\"https:\\\/\\\/fabriano.com\\\/fr\\\/#website\"},\"datePublished\":\"2023-04-05T07:56:51+00:00\",\"dateModified\":\"2025-08-21T13:50:38+00:00\",\"description\":\"\u00c9crire \u00e0 la main avec SMED : vid\u00e9os p\u00e9dagogiques pour enseigner les gestes d\u2019\u00e9criture et motifs ludiques aux \u00e9l\u00e8ves, d\u00e8s le primaire.\",\"breadcrumb\":{\"@id\":\"https:\\\/\\\/fabriano.com\\\/fr\\\/zone-des-enseignants\\\/ecrire-a-la-main-avec-smed\\\/#breadcrumb\"},\"inLanguage\":\"fr-FR\",\"potentialAction\":[{\"@type\":\"ReadAction\",\"target\":[\"https:\\\/\\\/fabriano.com\\\/fr\\\/zone-des-enseignants\\\/ecrire-a-la-main-avec-smed\\\/\"]}]},{\"@type\":\"BreadcrumbList\",\"@id\":\"https:\\\/\\\/fabriano.com\\\/fr\\\/zone-des-enseignants\\\/ecrire-a-la-main-avec-smed\\\/#breadcrumb\",\"itemListElement\":[{\"@type\":\"ListItem\",\"position\":1,\"name\":\"Home\",\"item\":\"https:\\\/\\\/fabriano.com\\\/fr\\\/\"},{\"@type\":\"ListItem\",\"position\":2,\"name\":\"Zone des enseignants\",\"item\":\"https:\\\/\\\/fabriano.com\\\/fr\\\/zone-des-enseignants\\\/\"},{\"@type\":\"ListItem\",\"position\":3,\"name\":\"\u00c9crire \u00e0 la main avec SMED\"}]},{\"@type\":\"WebSite\",\"@id\":\"https:\\\/\\\/fabriano.com\\\/fr\\\/#website\",\"url\":\"https:\\\/\\\/fabriano.com\\\/fr\\\/\",\"name\":\"Fabriano\",\"description\":\"La bella carta dal 1264.\",\"publisher\":{\"@id\":\"https:\\\/\\\/fabriano.com\\\/fr\\\/#organization\"},\"potentialAction\":[{\"@type\":\"SearchAction\",\"target\":{\"@type\":\"EntryPoint\",\"urlTemplate\":\"https:\\\/\\\/fabriano.com\\\/fr\\\/?s={search_term_string}\"},\"query-input\":{\"@type\":\"PropertyValueSpecification\",\"valueRequired\":true,\"valueName\":\"search_term_string\"}}],\"inLanguage\":\"fr-FR\"},{\"@type\":\"Organization\",\"@id\":\"https:\\\/\\\/fabriano.com\\\/fr\\\/#organization\",\"name\":\"Fabriano\",\"url\":\"https:\\\/\\\/fabriano.com\\\/fr\\\/\",\"logo\":{\"@type\":\"ImageObject\",\"inLanguage\":\"fr-FR\",\"@id\":\"https:\\\/\\\/fabriano.com\\\/fr\\\/#\\\/schema\\\/logo\\\/image\\\/\",\"url\":\"https:\\\/\\\/fabriano.com\\\/wp-content\\\/uploads\\\/2022\\\/06\\\/fabriano-logo-black.svg\",\"contentUrl\":\"https:\\\/\\\/fabriano.com\\\/wp-content\\\/uploads\\\/2022\\\/06\\\/fabriano-logo-black.svg\",\"width\":250,\"height\":35,\"caption\":\"Fabriano\"},\"image\":{\"@id\":\"https:\\\/\\\/fabriano.com\\\/fr\\\/#\\\/schema\\\/logo\\\/image\\\/\"},\"sameAs\":[\"https:\\\/\\\/www.facebook.com\\\/cartafabriano\\\/\",\"https:\\\/\\\/www.instagram.com\\\/fabriano1264\\\/\",\"https:\\\/\\\/www.youtube.com\\\/user\\\/CartiereMiliani\"]},{\"@type\":\"Person\",\"@id\":\"https:\\\/\\\/fabriano.com\\\/fr\\\/#\\\/schema\\\/person\\\/a4e656b46bebb83d77d753e45240490a\",\"name\":\"Giorgio Intermedia MMH\"}]}<\/script>\n<!-- \/ Yoast SEO plugin. -->","yoast_head_json":{"title":"\u00c9crire \u00e0 la main avec SMED | Fabriano","description":"\u00c9crire \u00e0 la main avec SMED : vid\u00e9os p\u00e9dagogiques pour enseigner les gestes d\u2019\u00e9criture et motifs ludiques aux \u00e9l\u00e8ves, d\u00e8s le primaire.","robots":{"index":"index","follow":"follow","max-snippet":"max-snippet:-1","max-image-preview":"max-image-preview:large","max-video-preview":"max-video-preview:-1"},"canonical":"https:\/\/fabriano.com\/fr\/zone-des-enseignants\/ecrire-a-la-main-avec-smed\/","og_locale":"fr_FR","og_type":"article","og_title":"\u00c9crire \u00e0 la main avec SMED | Fabriano","og_description":"\u00c9crire \u00e0 la main avec SMED : vid\u00e9os p\u00e9dagogiques pour enseigner les gestes d\u2019\u00e9criture et motifs ludiques aux \u00e9l\u00e8ves, d\u00e8s le primaire.","og_url":"https:\/\/fabriano.com\/fr\/zone-des-enseignants\/ecrire-a-la-main-avec-smed\/","og_site_name":"Fabriano","article_publisher":"https:\/\/www.facebook.com\/cartafabriano\/","article_modified_time":"2025-08-21T13:50:38+00:00","og_image":[{"width":1920,"height":770,"url":"https:\/\/fabriano.com\/wp-content\/uploads\/2022\/10\/fabriano-cover-desk.jpg","type":"image\/jpeg"}],"twitter_card":"summary_large_image","schema":{"@context":"https:\/\/schema.org","@graph":[{"@type":"Article","@id":"https:\/\/fabriano.com\/fr\/zone-des-enseignants\/ecrire-a-la-main-avec-smed\/#article","isPartOf":{"@id":"https:\/\/fabriano.com\/fr\/zone-des-enseignants\/ecrire-a-la-main-avec-smed\/"},"author":{"name":"Giorgio Intermedia MMH","@id":"https:\/\/fabriano.com\/fr\/#\/schema\/person\/a4e656b46bebb83d77d753e45240490a"},"headline":"\u00c9crire \u00e0 la main avec SMED","datePublished":"2023-04-05T07:56:51+00:00","dateModified":"2025-08-21T13:50:38+00:00","mainEntityOfPage":{"@id":"https:\/\/fabriano.com\/fr\/zone-des-enseignants\/ecrire-a-la-main-avec-smed\/"},"wordCount":5,"publisher":{"@id":"https:\/\/fabriano.com\/fr\/#organization"},"inLanguage":"fr-FR"},{"@type":["WebPage","ItemPage"],"@id":"https:\/\/fabriano.com\/fr\/zone-des-enseignants\/ecrire-a-la-main-avec-smed\/","url":"https:\/\/fabriano.com\/fr\/zone-des-enseignants\/ecrire-a-la-main-avec-smed\/","name":"\u00c9crire \u00e0 la main avec SMED | Fabriano","isPartOf":{"@id":"https:\/\/fabriano.com\/fr\/#website"},"datePublished":"2023-04-05T07:56:51+00:00","dateModified":"2025-08-21T13:50:38+00:00","description":"\u00c9crire \u00e0 la main avec SMED : vid\u00e9os p\u00e9dagogiques pour enseigner les gestes d\u2019\u00e9criture et motifs ludiques aux \u00e9l\u00e8ves, d\u00e8s le primaire.","breadcrumb":{"@id":"https:\/\/fabriano.com\/fr\/zone-des-enseignants\/ecrire-a-la-main-avec-smed\/#breadcrumb"},"inLanguage":"fr-FR","potentialAction":[{"@type":"ReadAction","target":["https:\/\/fabriano.com\/fr\/zone-des-enseignants\/ecrire-a-la-main-avec-smed\/"]}]},{"@type":"BreadcrumbList","@id":"https:\/\/fabriano.com\/fr\/zone-des-enseignants\/ecrire-a-la-main-avec-smed\/#breadcrumb","itemListElement":[{"@type":"ListItem","position":1,"name":"Home","item":"https:\/\/fabriano.com\/fr\/"},{"@type":"ListItem","position":2,"name":"Zone des enseignants","item":"https:\/\/fabriano.com\/fr\/zone-des-enseignants\/"},{"@type":"ListItem","position":3,"name":"\u00c9crire \u00e0 la main avec SMED"}]},{"@type":"WebSite","@id":"https:\/\/fabriano.com\/fr\/#website","url":"https:\/\/fabriano.com\/fr\/","name":"Fabriano","description":"La bella carta dal 1264.","publisher":{"@id":"https:\/\/fabriano.com\/fr\/#organization"},"potentialAction":[{"@type":"SearchAction","target":{"@type":"EntryPoint","urlTemplate":"https:\/\/fabriano.com\/fr\/?s={search_term_string}"},"query-input":{"@type":"PropertyValueSpecification","valueRequired":true,"valueName":"search_term_string"}}],"inLanguage":"fr-FR"},{"@type":"Organization","@id":"https:\/\/fabriano.com\/fr\/#organization","name":"Fabriano","url":"https:\/\/fabriano.com\/fr\/","logo":{"@type":"ImageObject","inLanguage":"fr-FR","@id":"https:\/\/fabriano.com\/fr\/#\/schema\/logo\/image\/","url":"https:\/\/fabriano.com\/wp-content\/uploads\/2022\/06\/fabriano-logo-black.svg","contentUrl":"https:\/\/fabriano.com\/wp-content\/uploads\/2022\/06\/fabriano-logo-black.svg","width":250,"height":35,"caption":"Fabriano"},"image":{"@id":"https:\/\/fabriano.com\/fr\/#\/schema\/logo\/image\/"},"sameAs":["https:\/\/www.facebook.com\/cartafabriano\/","https:\/\/www.instagram.com\/fabriano1264\/","https:\/\/www.youtube.com\/user\/CartiereMiliani"]},{"@type":"Person","@id":"https:\/\/fabriano.com\/fr\/#\/schema\/person\/a4e656b46bebb83d77d753e45240490a","name":"Giorgio Intermedia MMH"}]}},"_links":{"self":[{"href":"https:\/\/fabriano.com\/fr\/wp-json\/wp\/v2\/pages\/13192","targetHints":{"allow":["GET"]}}],"collection":[{"href":"https:\/\/fabriano.com\/fr\/wp-json\/wp\/v2\/pages"}],"about":[{"href":"https:\/\/fabriano.com\/fr\/wp-json\/wp\/v2\/types\/page"}],"author":[{"embeddable":true,"href":"https:\/\/fabriano.com\/fr\/wp-json\/wp\/v2\/users\/17"}],"replies":[{"embeddable":true,"href":"https:\/\/fabriano.com\/fr\/wp-json\/wp\/v2\/comments?post=13192"}],"version-history":[{"count":0,"href":"https:\/\/fabriano.com\/fr\/wp-json\/wp\/v2\/pages\/13192\/revisions"}],"up":[{"embeddable":true,"href":"https:\/\/fabriano.com\/fr\/wp-json\/wp\/v2\/pages\/13158"}],"wp:attachment":[{"href":"https:\/\/fabriano.com\/fr\/wp-json\/wp\/v2\/media?parent=13192"}],"curies":[{"name":"wp","href":"https:\/\/api.w.org\/{rel}","templated":true}]}}