{"id":15286,"date":"2023-10-26T11:34:32","date_gmt":"2023-10-26T09:34:32","guid":{"rendered":"https:\/\/fabriano.com\/tutoriels\/tutorial\/"},"modified":"2023-11-03T16:04:17","modified_gmt":"2023-11-03T15:04:17","slug":"tutoriels-dessin-et-peinture","status":"publish","type":"page","link":"https:\/\/fabriano.com\/fr\/tutoriels\/tutoriels-dessin-et-peinture\/","title":{"rendered":"Tutoriels dessin et peinture"},"content":{"rendered":"<p>Le lien avec le mat\u00e9riau lui-m\u00eame est un marqueur essentiel de notre travail quotidien. Notre lecture du monde commence par un contact intime et intense avec le papier qui nous entoure. Regarde les vid\u00e9os tutorielles et exp\u00e9rimente les diff\u00e9rentes techniques de dessin.<\/p>\n","protected":false},"excerpt":{"rendered":"<p>Le lien avec le mat\u00e9riau lui-m\u00eame est un marqueur essentiel de notre travail quotidien. Notre lecture du monde commence par un contact intime et intense avec le papier qui nous entoure. Regarde les vid\u00e9os tutorielles et exp\u00e9rimente les diff\u00e9rentes techniques de dessin.<\/p>\n","protected":false},"author":19,"featured_media":0,"parent":8664,"menu_order":0,"comment_status":"closed","ping_status":"closed","template":"page-tutorial-category.php","meta":{"_acf_changed":false,"footnotes":""},"class_list":["post-15286","page","type-page","status-publish","hentry"],"acf":[],"yoast_head":"<!-- This site is optimized with the Yoast SEO plugin v27.3 - https:\/\/yoast.com\/product\/yoast-seo-wordpress\/ -->\n<title>Tutoriels dessin et peinture | Fabriano<\/title>\n<meta name=\"robots\" content=\"index, follow, max-snippet:-1, max-image-preview:large, max-video-preview:-1\" \/>\n<link rel=\"canonical\" href=\"https:\/\/fabriano.com\/fr\/tutoriels\/tutoriels-dessin-et-peinture\/\" \/>\n<meta property=\"og:locale\" content=\"fr_FR\" \/>\n<meta property=\"og:type\" content=\"article\" \/>\n<meta property=\"og:title\" content=\"Tutoriels dessin et peinture | Fabriano\" \/>\n<meta property=\"og:description\" content=\"Le lien avec le mat\u00e9riau lui-m\u00eame est un marqueur essentiel de notre travail quotidien. Notre lecture du monde commence par un contact intime et intense avec le papier qui nous entoure. Regarde les vid\u00e9os tutorielles et exp\u00e9rimente les diff\u00e9rentes techniques de dessin.\" \/>\n<meta property=\"og:url\" content=\"https:\/\/fabriano.com\/fr\/tutoriels\/tutoriels-dessin-et-peinture\/\" \/>\n<meta property=\"og:site_name\" content=\"Fabriano\" \/>\n<meta property=\"article:publisher\" content=\"https:\/\/www.facebook.com\/cartafabriano\/\" \/>\n<meta property=\"article:modified_time\" content=\"2023-11-03T15:04:17+00:00\" \/>\n<meta property=\"og:image\" content=\"https:\/\/fabriano.com\/wp-content\/uploads\/2022\/10\/fabriano-cover-desk.jpg\" \/>\n\t<meta property=\"og:image:width\" content=\"1920\" \/>\n\t<meta property=\"og:image:height\" content=\"770\" \/>\n\t<meta property=\"og:image:type\" content=\"image\/jpeg\" \/>\n<meta name=\"twitter:card\" content=\"summary_large_image\" \/>\n<meta name=\"twitter:label1\" content=\"Dur\u00e9e de lecture estim\u00e9e\" \/>\n\t<meta name=\"twitter:data1\" content=\"1 minute\" \/>\n<script type=\"application\/ld+json\" class=\"yoast-schema-graph\">{\"@context\":\"https:\\\/\\\/schema.org\",\"@graph\":[{\"@type\":\"Article\",\"@id\":\"https:\\\/\\\/fabriano.com\\\/fr\\\/tutoriels\\\/tutoriels-dessin-et-peinture\\\/#article\",\"isPartOf\":{\"@id\":\"https:\\\/\\\/fabriano.com\\\/fr\\\/tutoriels\\\/tutoriels-dessin-et-peinture\\\/\"},\"author\":{\"name\":\"Francesca MMH\",\"@id\":\"https:\\\/\\\/fabriano.com\\\/fr\\\/#\\\/schema\\\/person\\\/f038c0b9583337513c9f5b1176c9ab4e\"},\"headline\":\"Tutoriels dessin et peinture\",\"datePublished\":\"2023-10-26T09:34:32+00:00\",\"dateModified\":\"2023-11-03T15:04:17+00:00\",\"mainEntityOfPage\":{\"@id\":\"https:\\\/\\\/fabriano.com\\\/fr\\\/tutoriels\\\/tutoriels-dessin-et-peinture\\\/\"},\"wordCount\":51,\"publisher\":{\"@id\":\"https:\\\/\\\/fabriano.com\\\/fr\\\/#organization\"},\"inLanguage\":\"fr-FR\"},{\"@type\":[\"WebPage\",\"ItemPage\"],\"@id\":\"https:\\\/\\\/fabriano.com\\\/fr\\\/tutoriels\\\/tutoriels-dessin-et-peinture\\\/\",\"url\":\"https:\\\/\\\/fabriano.com\\\/fr\\\/tutoriels\\\/tutoriels-dessin-et-peinture\\\/\",\"name\":\"Tutoriels dessin et peinture | Fabriano\",\"isPartOf\":{\"@id\":\"https:\\\/\\\/fabriano.com\\\/fr\\\/#website\"},\"datePublished\":\"2023-10-26T09:34:32+00:00\",\"dateModified\":\"2023-11-03T15:04:17+00:00\",\"breadcrumb\":{\"@id\":\"https:\\\/\\\/fabriano.com\\\/fr\\\/tutoriels\\\/tutoriels-dessin-et-peinture\\\/#breadcrumb\"},\"inLanguage\":\"fr-FR\",\"potentialAction\":[{\"@type\":\"ReadAction\",\"target\":[\"https:\\\/\\\/fabriano.com\\\/fr\\\/tutoriels\\\/tutoriels-dessin-et-peinture\\\/\"]}]},{\"@type\":\"BreadcrumbList\",\"@id\":\"https:\\\/\\\/fabriano.com\\\/fr\\\/tutoriels\\\/tutoriels-dessin-et-peinture\\\/#breadcrumb\",\"itemListElement\":[{\"@type\":\"ListItem\",\"position\":1,\"name\":\"Home\",\"item\":\"https:\\\/\\\/fabriano.com\\\/fr\\\/\"},{\"@type\":\"ListItem\",\"position\":2,\"name\":\"Tutoriel vid\u00e9o\",\"item\":\"https:\\\/\\\/fabriano.com\\\/fr\\\/tutoriels\\\/\"},{\"@type\":\"ListItem\",\"position\":3,\"name\":\"Tutoriels dessin et peinture\"}]},{\"@type\":\"WebSite\",\"@id\":\"https:\\\/\\\/fabriano.com\\\/fr\\\/#website\",\"url\":\"https:\\\/\\\/fabriano.com\\\/fr\\\/\",\"name\":\"Fabriano\",\"description\":\"La bella carta dal 1264.\",\"publisher\":{\"@id\":\"https:\\\/\\\/fabriano.com\\\/fr\\\/#organization\"},\"potentialAction\":[{\"@type\":\"SearchAction\",\"target\":{\"@type\":\"EntryPoint\",\"urlTemplate\":\"https:\\\/\\\/fabriano.com\\\/fr\\\/?s={search_term_string}\"},\"query-input\":{\"@type\":\"PropertyValueSpecification\",\"valueRequired\":true,\"valueName\":\"search_term_string\"}}],\"inLanguage\":\"fr-FR\"},{\"@type\":\"Organization\",\"@id\":\"https:\\\/\\\/fabriano.com\\\/fr\\\/#organization\",\"name\":\"Fabriano\",\"url\":\"https:\\\/\\\/fabriano.com\\\/fr\\\/\",\"logo\":{\"@type\":\"ImageObject\",\"inLanguage\":\"fr-FR\",\"@id\":\"https:\\\/\\\/fabriano.com\\\/fr\\\/#\\\/schema\\\/logo\\\/image\\\/\",\"url\":\"https:\\\/\\\/fabriano.com\\\/wp-content\\\/uploads\\\/2022\\\/06\\\/fabriano-logo-black.svg\",\"contentUrl\":\"https:\\\/\\\/fabriano.com\\\/wp-content\\\/uploads\\\/2022\\\/06\\\/fabriano-logo-black.svg\",\"width\":250,\"height\":35,\"caption\":\"Fabriano\"},\"image\":{\"@id\":\"https:\\\/\\\/fabriano.com\\\/fr\\\/#\\\/schema\\\/logo\\\/image\\\/\"},\"sameAs\":[\"https:\\\/\\\/www.facebook.com\\\/cartafabriano\\\/\",\"https:\\\/\\\/www.instagram.com\\\/fabriano1264\\\/\",\"https:\\\/\\\/www.youtube.com\\\/user\\\/CartiereMiliani\"]},{\"@type\":\"Person\",\"@id\":\"https:\\\/\\\/fabriano.com\\\/fr\\\/#\\\/schema\\\/person\\\/f038c0b9583337513c9f5b1176c9ab4e\",\"name\":\"Francesca MMH\"}]}<\/script>\n<!-- \/ Yoast SEO plugin. -->","yoast_head_json":{"title":"Tutoriels dessin et peinture | Fabriano","robots":{"index":"index","follow":"follow","max-snippet":"max-snippet:-1","max-image-preview":"max-image-preview:large","max-video-preview":"max-video-preview:-1"},"canonical":"https:\/\/fabriano.com\/fr\/tutoriels\/tutoriels-dessin-et-peinture\/","og_locale":"fr_FR","og_type":"article","og_title":"Tutoriels dessin et peinture | Fabriano","og_description":"Le lien avec le mat\u00e9riau lui-m\u00eame est un marqueur essentiel de notre travail quotidien. Notre lecture du monde commence par un contact intime et intense avec le papier qui nous entoure. Regarde les vid\u00e9os tutorielles et exp\u00e9rimente les diff\u00e9rentes techniques de dessin.","og_url":"https:\/\/fabriano.com\/fr\/tutoriels\/tutoriels-dessin-et-peinture\/","og_site_name":"Fabriano","article_publisher":"https:\/\/www.facebook.com\/cartafabriano\/","article_modified_time":"2023-11-03T15:04:17+00:00","og_image":[{"width":1920,"height":770,"url":"https:\/\/fabriano.com\/wp-content\/uploads\/2022\/10\/fabriano-cover-desk.jpg","type":"image\/jpeg"}],"twitter_card":"summary_large_image","twitter_misc":{"Dur\u00e9e de lecture estim\u00e9e":"1 minute"},"schema":{"@context":"https:\/\/schema.org","@graph":[{"@type":"Article","@id":"https:\/\/fabriano.com\/fr\/tutoriels\/tutoriels-dessin-et-peinture\/#article","isPartOf":{"@id":"https:\/\/fabriano.com\/fr\/tutoriels\/tutoriels-dessin-et-peinture\/"},"author":{"name":"Francesca MMH","@id":"https:\/\/fabriano.com\/fr\/#\/schema\/person\/f038c0b9583337513c9f5b1176c9ab4e"},"headline":"Tutoriels dessin et peinture","datePublished":"2023-10-26T09:34:32+00:00","dateModified":"2023-11-03T15:04:17+00:00","mainEntityOfPage":{"@id":"https:\/\/fabriano.com\/fr\/tutoriels\/tutoriels-dessin-et-peinture\/"},"wordCount":51,"publisher":{"@id":"https:\/\/fabriano.com\/fr\/#organization"},"inLanguage":"fr-FR"},{"@type":["WebPage","ItemPage"],"@id":"https:\/\/fabriano.com\/fr\/tutoriels\/tutoriels-dessin-et-peinture\/","url":"https:\/\/fabriano.com\/fr\/tutoriels\/tutoriels-dessin-et-peinture\/","name":"Tutoriels dessin et peinture | Fabriano","isPartOf":{"@id":"https:\/\/fabriano.com\/fr\/#website"},"datePublished":"2023-10-26T09:34:32+00:00","dateModified":"2023-11-03T15:04:17+00:00","breadcrumb":{"@id":"https:\/\/fabriano.com\/fr\/tutoriels\/tutoriels-dessin-et-peinture\/#breadcrumb"},"inLanguage":"fr-FR","potentialAction":[{"@type":"ReadAction","target":["https:\/\/fabriano.com\/fr\/tutoriels\/tutoriels-dessin-et-peinture\/"]}]},{"@type":"BreadcrumbList","@id":"https:\/\/fabriano.com\/fr\/tutoriels\/tutoriels-dessin-et-peinture\/#breadcrumb","itemListElement":[{"@type":"ListItem","position":1,"name":"Home","item":"https:\/\/fabriano.com\/fr\/"},{"@type":"ListItem","position":2,"name":"Tutoriel vid\u00e9o","item":"https:\/\/fabriano.com\/fr\/tutoriels\/"},{"@type":"ListItem","position":3,"name":"Tutoriels dessin et peinture"}]},{"@type":"WebSite","@id":"https:\/\/fabriano.com\/fr\/#website","url":"https:\/\/fabriano.com\/fr\/","name":"Fabriano","description":"La bella carta dal 1264.","publisher":{"@id":"https:\/\/fabriano.com\/fr\/#organization"},"potentialAction":[{"@type":"SearchAction","target":{"@type":"EntryPoint","urlTemplate":"https:\/\/fabriano.com\/fr\/?s={search_term_string}"},"query-input":{"@type":"PropertyValueSpecification","valueRequired":true,"valueName":"search_term_string"}}],"inLanguage":"fr-FR"},{"@type":"Organization","@id":"https:\/\/fabriano.com\/fr\/#organization","name":"Fabriano","url":"https:\/\/fabriano.com\/fr\/","logo":{"@type":"ImageObject","inLanguage":"fr-FR","@id":"https:\/\/fabriano.com\/fr\/#\/schema\/logo\/image\/","url":"https:\/\/fabriano.com\/wp-content\/uploads\/2022\/06\/fabriano-logo-black.svg","contentUrl":"https:\/\/fabriano.com\/wp-content\/uploads\/2022\/06\/fabriano-logo-black.svg","width":250,"height":35,"caption":"Fabriano"},"image":{"@id":"https:\/\/fabriano.com\/fr\/#\/schema\/logo\/image\/"},"sameAs":["https:\/\/www.facebook.com\/cartafabriano\/","https:\/\/www.instagram.com\/fabriano1264\/","https:\/\/www.youtube.com\/user\/CartiereMiliani"]},{"@type":"Person","@id":"https:\/\/fabriano.com\/fr\/#\/schema\/person\/f038c0b9583337513c9f5b1176c9ab4e","name":"Francesca MMH"}]}},"_links":{"self":[{"href":"https:\/\/fabriano.com\/fr\/wp-json\/wp\/v2\/pages\/15286","targetHints":{"allow":["GET"]}}],"collection":[{"href":"https:\/\/fabriano.com\/fr\/wp-json\/wp\/v2\/pages"}],"about":[{"href":"https:\/\/fabriano.com\/fr\/wp-json\/wp\/v2\/types\/page"}],"author":[{"embeddable":true,"href":"https:\/\/fabriano.com\/fr\/wp-json\/wp\/v2\/users\/19"}],"replies":[{"embeddable":true,"href":"https:\/\/fabriano.com\/fr\/wp-json\/wp\/v2\/comments?post=15286"}],"version-history":[{"count":0,"href":"https:\/\/fabriano.com\/fr\/wp-json\/wp\/v2\/pages\/15286\/revisions"}],"up":[{"embeddable":true,"href":"https:\/\/fabriano.com\/fr\/wp-json\/wp\/v2\/pages\/8664"}],"wp:attachment":[{"href":"https:\/\/fabriano.com\/fr\/wp-json\/wp\/v2\/media?parent=15286"}],"curies":[{"name":"wp","href":"https:\/\/api.w.org\/{rel}","templated":true}]}}