{"id":19140,"date":"2024-12-04T11:43:12","date_gmt":"2024-12-04T10:43:12","guid":{"rendered":"https:\/\/fabriano.com\/?page_id=19140"},"modified":"2024-12-04T11:43:12","modified_gmt":"2024-12-04T10:43:12","slug":"tutoriel-de-decorations-de-noel","status":"publish","type":"page","link":"https:\/\/fabriano.com\/fr\/tutoriels\/tutoriel-de-decorations-de-noel\/","title":{"rendered":"Tutoriel de d\u00e9corations de No\u00ebl"},"content":{"rendered":"<p>Transformez votre No\u00ebl avec le papier Fabriano. D\u00e9couvrez des id\u00e9es cr\u00e9atives pour d\u00e9corer votre maison, votre sapin ou cr\u00e9er des cadeaux uniques. Parfait pour les adultes et les enfants, ajoutez une touche magique aux f\u00eates avec quelques feuilles de papier Fabriano.<\/p>\n","protected":false},"excerpt":{"rendered":"<p>Transformez votre No\u00ebl avec le papier Fabriano. D\u00e9couvrez des id\u00e9es cr\u00e9atives pour d\u00e9corer votre maison, votre sapin ou cr\u00e9er des cadeaux uniques. Parfait pour les adultes et les enfants, ajoutez une touche magique aux f\u00eates avec quelques feuilles de papier Fabriano.<\/p>\n","protected":false},"author":19,"featured_media":0,"parent":8664,"menu_order":0,"comment_status":"closed","ping_status":"closed","template":"page-tutorial-category.php","meta":{"_acf_changed":false,"footnotes":""},"class_list":["post-19140","page","type-page","status-publish","hentry"],"acf":[],"yoast_head":"<!-- This site is optimized with the Yoast SEO plugin v27.3 - https:\/\/yoast.com\/product\/yoast-seo-wordpress\/ -->\n<title>Tutoriel de d\u00e9corations de No\u00ebl | Fabriano<\/title>\n<meta name=\"robots\" content=\"index, follow, max-snippet:-1, max-image-preview:large, max-video-preview:-1\" \/>\n<link rel=\"canonical\" href=\"https:\/\/fabriano.com\/fr\/tutoriels\/tutoriel-de-decorations-de-noel\/\" \/>\n<meta property=\"og:locale\" content=\"fr_FR\" \/>\n<meta property=\"og:type\" content=\"article\" \/>\n<meta property=\"og:title\" content=\"Tutoriel de d\u00e9corations de No\u00ebl | Fabriano\" \/>\n<meta property=\"og:description\" content=\"Transformez votre No\u00ebl avec le papier Fabriano. D\u00e9couvrez des id\u00e9es cr\u00e9atives pour d\u00e9corer votre maison, votre sapin ou cr\u00e9er des cadeaux uniques. Parfait pour les adultes et les enfants, ajoutez une touche magique aux f\u00eates avec quelques feuilles de papier Fabriano.\" \/>\n<meta property=\"og:url\" content=\"https:\/\/fabriano.com\/fr\/tutoriels\/tutoriel-de-decorations-de-noel\/\" \/>\n<meta property=\"og:site_name\" content=\"Fabriano\" \/>\n<meta property=\"article:publisher\" content=\"https:\/\/www.facebook.com\/cartafabriano\/\" \/>\n<meta property=\"og:image\" content=\"https:\/\/fabriano.com\/wp-content\/uploads\/2022\/10\/fabriano-cover-desk.jpg\" \/>\n\t<meta property=\"og:image:width\" content=\"1920\" \/>\n\t<meta property=\"og:image:height\" content=\"770\" \/>\n\t<meta property=\"og:image:type\" content=\"image\/jpeg\" \/>\n<meta name=\"twitter:card\" content=\"summary_large_image\" \/>\n<meta name=\"twitter:label1\" content=\"Dur\u00e9e de lecture estim\u00e9e\" \/>\n\t<meta name=\"twitter:data1\" content=\"1 minute\" \/>\n<script type=\"application\/ld+json\" class=\"yoast-schema-graph\">{\"@context\":\"https:\\\/\\\/schema.org\",\"@graph\":[{\"@type\":\"Article\",\"@id\":\"https:\\\/\\\/fabriano.com\\\/fr\\\/tutoriels\\\/tutoriel-de-decorations-de-noel\\\/#article\",\"isPartOf\":{\"@id\":\"https:\\\/\\\/fabriano.com\\\/fr\\\/tutoriels\\\/tutoriel-de-decorations-de-noel\\\/\"},\"author\":{\"name\":\"Francesca MMH\",\"@id\":\"https:\\\/\\\/fabriano.com\\\/fr\\\/#\\\/schema\\\/person\\\/f038c0b9583337513c9f5b1176c9ab4e\"},\"headline\":\"Tutoriel de d\u00e9corations de No\u00ebl\",\"datePublished\":\"2024-12-04T10:43:12+00:00\",\"mainEntityOfPage\":{\"@id\":\"https:\\\/\\\/fabriano.com\\\/fr\\\/tutoriels\\\/tutoriel-de-decorations-de-noel\\\/\"},\"wordCount\":55,\"publisher\":{\"@id\":\"https:\\\/\\\/fabriano.com\\\/fr\\\/#organization\"},\"inLanguage\":\"fr-FR\"},{\"@type\":[\"WebPage\",\"ItemPage\"],\"@id\":\"https:\\\/\\\/fabriano.com\\\/fr\\\/tutoriels\\\/tutoriel-de-decorations-de-noel\\\/\",\"url\":\"https:\\\/\\\/fabriano.com\\\/fr\\\/tutoriels\\\/tutoriel-de-decorations-de-noel\\\/\",\"name\":\"Tutoriel de d\u00e9corations de No\u00ebl | Fabriano\",\"isPartOf\":{\"@id\":\"https:\\\/\\\/fabriano.com\\\/fr\\\/#website\"},\"datePublished\":\"2024-12-04T10:43:12+00:00\",\"breadcrumb\":{\"@id\":\"https:\\\/\\\/fabriano.com\\\/fr\\\/tutoriels\\\/tutoriel-de-decorations-de-noel\\\/#breadcrumb\"},\"inLanguage\":\"fr-FR\",\"potentialAction\":[{\"@type\":\"ReadAction\",\"target\":[\"https:\\\/\\\/fabriano.com\\\/fr\\\/tutoriels\\\/tutoriel-de-decorations-de-noel\\\/\"]}]},{\"@type\":\"BreadcrumbList\",\"@id\":\"https:\\\/\\\/fabriano.com\\\/fr\\\/tutoriels\\\/tutoriel-de-decorations-de-noel\\\/#breadcrumb\",\"itemListElement\":[{\"@type\":\"ListItem\",\"position\":1,\"name\":\"Home\",\"item\":\"https:\\\/\\\/fabriano.com\\\/fr\\\/\"},{\"@type\":\"ListItem\",\"position\":2,\"name\":\"Tutoriel vid\u00e9o\",\"item\":\"https:\\\/\\\/fabriano.com\\\/fr\\\/tutoriels\\\/\"},{\"@type\":\"ListItem\",\"position\":3,\"name\":\"Tutoriel de d\u00e9corations de No\u00ebl\"}]},{\"@type\":\"WebSite\",\"@id\":\"https:\\\/\\\/fabriano.com\\\/fr\\\/#website\",\"url\":\"https:\\\/\\\/fabriano.com\\\/fr\\\/\",\"name\":\"Fabriano\",\"description\":\"La bella carta dal 1264.\",\"publisher\":{\"@id\":\"https:\\\/\\\/fabriano.com\\\/fr\\\/#organization\"},\"potentialAction\":[{\"@type\":\"SearchAction\",\"target\":{\"@type\":\"EntryPoint\",\"urlTemplate\":\"https:\\\/\\\/fabriano.com\\\/fr\\\/?s={search_term_string}\"},\"query-input\":{\"@type\":\"PropertyValueSpecification\",\"valueRequired\":true,\"valueName\":\"search_term_string\"}}],\"inLanguage\":\"fr-FR\"},{\"@type\":\"Organization\",\"@id\":\"https:\\\/\\\/fabriano.com\\\/fr\\\/#organization\",\"name\":\"Fabriano\",\"url\":\"https:\\\/\\\/fabriano.com\\\/fr\\\/\",\"logo\":{\"@type\":\"ImageObject\",\"inLanguage\":\"fr-FR\",\"@id\":\"https:\\\/\\\/fabriano.com\\\/fr\\\/#\\\/schema\\\/logo\\\/image\\\/\",\"url\":\"https:\\\/\\\/fabriano.com\\\/wp-content\\\/uploads\\\/2022\\\/06\\\/fabriano-logo-black.svg\",\"contentUrl\":\"https:\\\/\\\/fabriano.com\\\/wp-content\\\/uploads\\\/2022\\\/06\\\/fabriano-logo-black.svg\",\"width\":250,\"height\":35,\"caption\":\"Fabriano\"},\"image\":{\"@id\":\"https:\\\/\\\/fabriano.com\\\/fr\\\/#\\\/schema\\\/logo\\\/image\\\/\"},\"sameAs\":[\"https:\\\/\\\/www.facebook.com\\\/cartafabriano\\\/\",\"https:\\\/\\\/www.instagram.com\\\/fabriano1264\\\/\",\"https:\\\/\\\/www.youtube.com\\\/user\\\/CartiereMiliani\"]},{\"@type\":\"Person\",\"@id\":\"https:\\\/\\\/fabriano.com\\\/fr\\\/#\\\/schema\\\/person\\\/f038c0b9583337513c9f5b1176c9ab4e\",\"name\":\"Francesca MMH\"}]}<\/script>\n<!-- \/ Yoast SEO plugin. -->","yoast_head_json":{"title":"Tutoriel de d\u00e9corations de No\u00ebl | Fabriano","robots":{"index":"index","follow":"follow","max-snippet":"max-snippet:-1","max-image-preview":"max-image-preview:large","max-video-preview":"max-video-preview:-1"},"canonical":"https:\/\/fabriano.com\/fr\/tutoriels\/tutoriel-de-decorations-de-noel\/","og_locale":"fr_FR","og_type":"article","og_title":"Tutoriel de d\u00e9corations de No\u00ebl | Fabriano","og_description":"Transformez votre No\u00ebl avec le papier Fabriano. D\u00e9couvrez des id\u00e9es cr\u00e9atives pour d\u00e9corer votre maison, votre sapin ou cr\u00e9er des cadeaux uniques. Parfait pour les adultes et les enfants, ajoutez une touche magique aux f\u00eates avec quelques feuilles de papier Fabriano.","og_url":"https:\/\/fabriano.com\/fr\/tutoriels\/tutoriel-de-decorations-de-noel\/","og_site_name":"Fabriano","article_publisher":"https:\/\/www.facebook.com\/cartafabriano\/","og_image":[{"width":1920,"height":770,"url":"https:\/\/fabriano.com\/wp-content\/uploads\/2022\/10\/fabriano-cover-desk.jpg","type":"image\/jpeg"}],"twitter_card":"summary_large_image","twitter_misc":{"Dur\u00e9e de lecture estim\u00e9e":"1 minute"},"schema":{"@context":"https:\/\/schema.org","@graph":[{"@type":"Article","@id":"https:\/\/fabriano.com\/fr\/tutoriels\/tutoriel-de-decorations-de-noel\/#article","isPartOf":{"@id":"https:\/\/fabriano.com\/fr\/tutoriels\/tutoriel-de-decorations-de-noel\/"},"author":{"name":"Francesca MMH","@id":"https:\/\/fabriano.com\/fr\/#\/schema\/person\/f038c0b9583337513c9f5b1176c9ab4e"},"headline":"Tutoriel de d\u00e9corations de No\u00ebl","datePublished":"2024-12-04T10:43:12+00:00","mainEntityOfPage":{"@id":"https:\/\/fabriano.com\/fr\/tutoriels\/tutoriel-de-decorations-de-noel\/"},"wordCount":55,"publisher":{"@id":"https:\/\/fabriano.com\/fr\/#organization"},"inLanguage":"fr-FR"},{"@type":["WebPage","ItemPage"],"@id":"https:\/\/fabriano.com\/fr\/tutoriels\/tutoriel-de-decorations-de-noel\/","url":"https:\/\/fabriano.com\/fr\/tutoriels\/tutoriel-de-decorations-de-noel\/","name":"Tutoriel de d\u00e9corations de No\u00ebl | Fabriano","isPartOf":{"@id":"https:\/\/fabriano.com\/fr\/#website"},"datePublished":"2024-12-04T10:43:12+00:00","breadcrumb":{"@id":"https:\/\/fabriano.com\/fr\/tutoriels\/tutoriel-de-decorations-de-noel\/#breadcrumb"},"inLanguage":"fr-FR","potentialAction":[{"@type":"ReadAction","target":["https:\/\/fabriano.com\/fr\/tutoriels\/tutoriel-de-decorations-de-noel\/"]}]},{"@type":"BreadcrumbList","@id":"https:\/\/fabriano.com\/fr\/tutoriels\/tutoriel-de-decorations-de-noel\/#breadcrumb","itemListElement":[{"@type":"ListItem","position":1,"name":"Home","item":"https:\/\/fabriano.com\/fr\/"},{"@type":"ListItem","position":2,"name":"Tutoriel vid\u00e9o","item":"https:\/\/fabriano.com\/fr\/tutoriels\/"},{"@type":"ListItem","position":3,"name":"Tutoriel de d\u00e9corations de No\u00ebl"}]},{"@type":"WebSite","@id":"https:\/\/fabriano.com\/fr\/#website","url":"https:\/\/fabriano.com\/fr\/","name":"Fabriano","description":"La bella carta dal 1264.","publisher":{"@id":"https:\/\/fabriano.com\/fr\/#organization"},"potentialAction":[{"@type":"SearchAction","target":{"@type":"EntryPoint","urlTemplate":"https:\/\/fabriano.com\/fr\/?s={search_term_string}"},"query-input":{"@type":"PropertyValueSpecification","valueRequired":true,"valueName":"search_term_string"}}],"inLanguage":"fr-FR"},{"@type":"Organization","@id":"https:\/\/fabriano.com\/fr\/#organization","name":"Fabriano","url":"https:\/\/fabriano.com\/fr\/","logo":{"@type":"ImageObject","inLanguage":"fr-FR","@id":"https:\/\/fabriano.com\/fr\/#\/schema\/logo\/image\/","url":"https:\/\/fabriano.com\/wp-content\/uploads\/2022\/06\/fabriano-logo-black.svg","contentUrl":"https:\/\/fabriano.com\/wp-content\/uploads\/2022\/06\/fabriano-logo-black.svg","width":250,"height":35,"caption":"Fabriano"},"image":{"@id":"https:\/\/fabriano.com\/fr\/#\/schema\/logo\/image\/"},"sameAs":["https:\/\/www.facebook.com\/cartafabriano\/","https:\/\/www.instagram.com\/fabriano1264\/","https:\/\/www.youtube.com\/user\/CartiereMiliani"]},{"@type":"Person","@id":"https:\/\/fabriano.com\/fr\/#\/schema\/person\/f038c0b9583337513c9f5b1176c9ab4e","name":"Francesca MMH"}]}},"_links":{"self":[{"href":"https:\/\/fabriano.com\/fr\/wp-json\/wp\/v2\/pages\/19140","targetHints":{"allow":["GET"]}}],"collection":[{"href":"https:\/\/fabriano.com\/fr\/wp-json\/wp\/v2\/pages"}],"about":[{"href":"https:\/\/fabriano.com\/fr\/wp-json\/wp\/v2\/types\/page"}],"author":[{"embeddable":true,"href":"https:\/\/fabriano.com\/fr\/wp-json\/wp\/v2\/users\/19"}],"replies":[{"embeddable":true,"href":"https:\/\/fabriano.com\/fr\/wp-json\/wp\/v2\/comments?post=19140"}],"version-history":[{"count":0,"href":"https:\/\/fabriano.com\/fr\/wp-json\/wp\/v2\/pages\/19140\/revisions"}],"up":[{"embeddable":true,"href":"https:\/\/fabriano.com\/fr\/wp-json\/wp\/v2\/pages\/8664"}],"wp:attachment":[{"href":"https:\/\/fabriano.com\/fr\/wp-json\/wp\/v2\/media?parent=19140"}],"curies":[{"name":"wp","href":"https:\/\/api.w.org\/{rel}","templated":true}]}}