{"id":8665,"date":"2021-09-16T09:25:58","date_gmt":"2021-09-16T07:25:58","guid":{"rendered":"https:\/\/fabriano.com\/sustainability\/"},"modified":"2025-11-10T14:59:05","modified_gmt":"2025-11-10T13:59:05","slug":"durabilite","status":"publish","type":"page","link":"https:\/\/fabriano.com\/fr\/durabilite\/","title":{"rendered":"Durabilit\u00e9"},"content":{"rendered":"","protected":false},"excerpt":{"rendered":"","protected":false},"author":16,"featured_media":0,"parent":0,"menu_order":0,"comment_status":"closed","ping_status":"closed","template":"page-flexible.php","meta":{"_acf_changed":false,"footnotes":""},"class_list":["post-8665","page","type-page","status-publish","hentry"],"acf":[],"yoast_head":"<!-- This site is optimized with the Yoast SEO plugin v27.3 - https:\/\/yoast.com\/product\/yoast-seo-wordpress\/ -->\n<title>Durabilit\u00e9,produire du papier tout en prenant soin de l&#039;environnement<\/title>\n<meta name=\"description\" content=\"Depuis plus de 750 ans Fabriano s&#039;engage pour l&#039;environnement \u00e0 l&#039;aide de proc\u00e9d\u00e9s de production de papier durables et respectueux de l&#039;environnement.\" \/>\n<meta name=\"robots\" content=\"index, follow, max-snippet:-1, max-image-preview:large, max-video-preview:-1\" \/>\n<link rel=\"canonical\" href=\"https:\/\/fabriano.com\/fr\/durabilite\/\" \/>\n<meta property=\"og:locale\" content=\"fr_FR\" \/>\n<meta property=\"og:type\" content=\"article\" \/>\n<meta property=\"og:title\" content=\"Sustainability and corporate responsibility | Fabriano\" \/>\n<meta property=\"og:description\" content=\"With constant commitment, for over 200 years, Fabriano has been committed to highly sustainable paper and respect for the environment. Find out more!\" \/>\n<meta property=\"og:url\" content=\"https:\/\/fabriano.com\/fr\/durabilite\/\" \/>\n<meta property=\"og:site_name\" content=\"Fabriano\" \/>\n<meta property=\"article:publisher\" content=\"https:\/\/www.facebook.com\/cartafabriano\/\" \/>\n<meta property=\"article:modified_time\" content=\"2025-11-10T13:59:05+00:00\" \/>\n<meta property=\"og:image\" content=\"https:\/\/fabriano.com\/wp-content\/uploads\/2021\/11\/sustain-hero.jpg\" \/>\n\t<meta property=\"og:image:width\" content=\"1537\" \/>\n\t<meta property=\"og:image:height\" content=\"1153\" \/>\n\t<meta property=\"og:image:type\" content=\"image\/jpeg\" \/>\n<meta name=\"twitter:card\" content=\"summary_large_image\" \/>\n<script type=\"application\/ld+json\" class=\"yoast-schema-graph\">{\"@context\":\"https:\\\/\\\/schema.org\",\"@graph\":[{\"@type\":\"Article\",\"@id\":\"https:\\\/\\\/fabriano.com\\\/fr\\\/durabilite\\\/#article\",\"isPartOf\":{\"@id\":\"https:\\\/\\\/fabriano.com\\\/fr\\\/durabilite\\\/\"},\"author\":{\"name\":\"Yan Intermedia MMH\",\"@id\":\"https:\\\/\\\/fabriano.com\\\/fr\\\/#\\\/schema\\\/person\\\/d3909f3b3a5a3801bfb4228693683926\"},\"headline\":\"Durabilit\u00e9\",\"datePublished\":\"2021-09-16T07:25:58+00:00\",\"dateModified\":\"2025-11-10T13:59:05+00:00\",\"mainEntityOfPage\":{\"@id\":\"https:\\\/\\\/fabriano.com\\\/fr\\\/durabilite\\\/\"},\"wordCount\":1,\"publisher\":{\"@id\":\"https:\\\/\\\/fabriano.com\\\/fr\\\/#organization\"},\"inLanguage\":\"fr-FR\"},{\"@type\":[\"WebPage\",\"ItemPage\"],\"@id\":\"https:\\\/\\\/fabriano.com\\\/fr\\\/durabilite\\\/\",\"url\":\"https:\\\/\\\/fabriano.com\\\/fr\\\/durabilite\\\/\",\"name\":\"Durabilit\u00e9,produire du papier tout en prenant soin de l'environnement\",\"isPartOf\":{\"@id\":\"https:\\\/\\\/fabriano.com\\\/fr\\\/#website\"},\"datePublished\":\"2021-09-16T07:25:58+00:00\",\"dateModified\":\"2025-11-10T13:59:05+00:00\",\"description\":\"Depuis plus de 750 ans Fabriano s'engage pour l'environnement \u00e0 l'aide de proc\u00e9d\u00e9s de production de papier durables et respectueux de l'environnement.\",\"breadcrumb\":{\"@id\":\"https:\\\/\\\/fabriano.com\\\/fr\\\/durabilite\\\/#breadcrumb\"},\"inLanguage\":\"fr-FR\",\"potentialAction\":[{\"@type\":\"ReadAction\",\"target\":[\"https:\\\/\\\/fabriano.com\\\/fr\\\/durabilite\\\/\"]}]},{\"@type\":\"BreadcrumbList\",\"@id\":\"https:\\\/\\\/fabriano.com\\\/fr\\\/durabilite\\\/#breadcrumb\",\"itemListElement\":[{\"@type\":\"ListItem\",\"position\":1,\"name\":\"Home\",\"item\":\"https:\\\/\\\/fabriano.com\\\/fr\\\/\"},{\"@type\":\"ListItem\",\"position\":2,\"name\":\"Durabilit\u00e9\"}]},{\"@type\":\"WebSite\",\"@id\":\"https:\\\/\\\/fabriano.com\\\/fr\\\/#website\",\"url\":\"https:\\\/\\\/fabriano.com\\\/fr\\\/\",\"name\":\"Fabriano\",\"description\":\"La bella carta dal 1264.\",\"publisher\":{\"@id\":\"https:\\\/\\\/fabriano.com\\\/fr\\\/#organization\"},\"potentialAction\":[{\"@type\":\"SearchAction\",\"target\":{\"@type\":\"EntryPoint\",\"urlTemplate\":\"https:\\\/\\\/fabriano.com\\\/fr\\\/?s={search_term_string}\"},\"query-input\":{\"@type\":\"PropertyValueSpecification\",\"valueRequired\":true,\"valueName\":\"search_term_string\"}}],\"inLanguage\":\"fr-FR\"},{\"@type\":\"Organization\",\"@id\":\"https:\\\/\\\/fabriano.com\\\/fr\\\/#organization\",\"name\":\"Fabriano\",\"url\":\"https:\\\/\\\/fabriano.com\\\/fr\\\/\",\"logo\":{\"@type\":\"ImageObject\",\"inLanguage\":\"fr-FR\",\"@id\":\"https:\\\/\\\/fabriano.com\\\/fr\\\/#\\\/schema\\\/logo\\\/image\\\/\",\"url\":\"https:\\\/\\\/fabriano.com\\\/wp-content\\\/uploads\\\/2022\\\/06\\\/fabriano-logo-black.svg\",\"contentUrl\":\"https:\\\/\\\/fabriano.com\\\/wp-content\\\/uploads\\\/2022\\\/06\\\/fabriano-logo-black.svg\",\"width\":250,\"height\":35,\"caption\":\"Fabriano\"},\"image\":{\"@id\":\"https:\\\/\\\/fabriano.com\\\/fr\\\/#\\\/schema\\\/logo\\\/image\\\/\"},\"sameAs\":[\"https:\\\/\\\/www.facebook.com\\\/cartafabriano\\\/\",\"https:\\\/\\\/www.instagram.com\\\/fabriano1264\\\/\",\"https:\\\/\\\/www.youtube.com\\\/user\\\/CartiereMiliani\"]},{\"@type\":\"Person\",\"@id\":\"https:\\\/\\\/fabriano.com\\\/fr\\\/#\\\/schema\\\/person\\\/d3909f3b3a5a3801bfb4228693683926\",\"name\":\"Yan Intermedia MMH\"}]}<\/script>\n<!-- \/ Yoast SEO plugin. -->","yoast_head_json":{"title":"Durabilit\u00e9,produire du papier tout en prenant soin de l'environnement","description":"Depuis plus de 750 ans Fabriano s'engage pour l'environnement \u00e0 l'aide de proc\u00e9d\u00e9s de production de papier durables et respectueux de l'environnement.","robots":{"index":"index","follow":"follow","max-snippet":"max-snippet:-1","max-image-preview":"max-image-preview:large","max-video-preview":"max-video-preview:-1"},"canonical":"https:\/\/fabriano.com\/fr\/durabilite\/","og_locale":"fr_FR","og_type":"article","og_title":"Sustainability and corporate responsibility | Fabriano","og_description":"With constant commitment, for over 200 years, Fabriano has been committed to highly sustainable paper and respect for the environment. Find out more!","og_url":"https:\/\/fabriano.com\/fr\/durabilite\/","og_site_name":"Fabriano","article_publisher":"https:\/\/www.facebook.com\/cartafabriano\/","article_modified_time":"2025-11-10T13:59:05+00:00","og_image":[{"width":1537,"height":1153,"url":"https:\/\/fabriano.com\/wp-content\/uploads\/2021\/11\/sustain-hero.jpg","type":"image\/jpeg"}],"twitter_card":"summary_large_image","schema":{"@context":"https:\/\/schema.org","@graph":[{"@type":"Article","@id":"https:\/\/fabriano.com\/fr\/durabilite\/#article","isPartOf":{"@id":"https:\/\/fabriano.com\/fr\/durabilite\/"},"author":{"name":"Yan Intermedia MMH","@id":"https:\/\/fabriano.com\/fr\/#\/schema\/person\/d3909f3b3a5a3801bfb4228693683926"},"headline":"Durabilit\u00e9","datePublished":"2021-09-16T07:25:58+00:00","dateModified":"2025-11-10T13:59:05+00:00","mainEntityOfPage":{"@id":"https:\/\/fabriano.com\/fr\/durabilite\/"},"wordCount":1,"publisher":{"@id":"https:\/\/fabriano.com\/fr\/#organization"},"inLanguage":"fr-FR"},{"@type":["WebPage","ItemPage"],"@id":"https:\/\/fabriano.com\/fr\/durabilite\/","url":"https:\/\/fabriano.com\/fr\/durabilite\/","name":"Durabilit\u00e9,produire du papier tout en prenant soin de l'environnement","isPartOf":{"@id":"https:\/\/fabriano.com\/fr\/#website"},"datePublished":"2021-09-16T07:25:58+00:00","dateModified":"2025-11-10T13:59:05+00:00","description":"Depuis plus de 750 ans Fabriano s'engage pour l'environnement \u00e0 l'aide de proc\u00e9d\u00e9s de production de papier durables et respectueux de l'environnement.","breadcrumb":{"@id":"https:\/\/fabriano.com\/fr\/durabilite\/#breadcrumb"},"inLanguage":"fr-FR","potentialAction":[{"@type":"ReadAction","target":["https:\/\/fabriano.com\/fr\/durabilite\/"]}]},{"@type":"BreadcrumbList","@id":"https:\/\/fabriano.com\/fr\/durabilite\/#breadcrumb","itemListElement":[{"@type":"ListItem","position":1,"name":"Home","item":"https:\/\/fabriano.com\/fr\/"},{"@type":"ListItem","position":2,"name":"Durabilit\u00e9"}]},{"@type":"WebSite","@id":"https:\/\/fabriano.com\/fr\/#website","url":"https:\/\/fabriano.com\/fr\/","name":"Fabriano","description":"La bella carta dal 1264.","publisher":{"@id":"https:\/\/fabriano.com\/fr\/#organization"},"potentialAction":[{"@type":"SearchAction","target":{"@type":"EntryPoint","urlTemplate":"https:\/\/fabriano.com\/fr\/?s={search_term_string}"},"query-input":{"@type":"PropertyValueSpecification","valueRequired":true,"valueName":"search_term_string"}}],"inLanguage":"fr-FR"},{"@type":"Organization","@id":"https:\/\/fabriano.com\/fr\/#organization","name":"Fabriano","url":"https:\/\/fabriano.com\/fr\/","logo":{"@type":"ImageObject","inLanguage":"fr-FR","@id":"https:\/\/fabriano.com\/fr\/#\/schema\/logo\/image\/","url":"https:\/\/fabriano.com\/wp-content\/uploads\/2022\/06\/fabriano-logo-black.svg","contentUrl":"https:\/\/fabriano.com\/wp-content\/uploads\/2022\/06\/fabriano-logo-black.svg","width":250,"height":35,"caption":"Fabriano"},"image":{"@id":"https:\/\/fabriano.com\/fr\/#\/schema\/logo\/image\/"},"sameAs":["https:\/\/www.facebook.com\/cartafabriano\/","https:\/\/www.instagram.com\/fabriano1264\/","https:\/\/www.youtube.com\/user\/CartiereMiliani"]},{"@type":"Person","@id":"https:\/\/fabriano.com\/fr\/#\/schema\/person\/d3909f3b3a5a3801bfb4228693683926","name":"Yan Intermedia MMH"}]}},"_links":{"self":[{"href":"https:\/\/fabriano.com\/fr\/wp-json\/wp\/v2\/pages\/8665","targetHints":{"allow":["GET"]}}],"collection":[{"href":"https:\/\/fabriano.com\/fr\/wp-json\/wp\/v2\/pages"}],"about":[{"href":"https:\/\/fabriano.com\/fr\/wp-json\/wp\/v2\/types\/page"}],"author":[{"embeddable":true,"href":"https:\/\/fabriano.com\/fr\/wp-json\/wp\/v2\/users\/16"}],"replies":[{"embeddable":true,"href":"https:\/\/fabriano.com\/fr\/wp-json\/wp\/v2\/comments?post=8665"}],"version-history":[{"count":0,"href":"https:\/\/fabriano.com\/fr\/wp-json\/wp\/v2\/pages\/8665\/revisions"}],"wp:attachment":[{"href":"https:\/\/fabriano.com\/fr\/wp-json\/wp\/v2\/media?parent=8665"}],"curies":[{"name":"wp","href":"https:\/\/api.w.org\/{rel}","templated":true}]}}